{"id":259,"date":"2020-09-02T08:01:31","date_gmt":"2020-09-02T08:01:31","guid":{"rendered":"http:\/\/noelir3.sg-host.com\/privacy-policy\/"},"modified":"2023-09-12T21:09:48","modified_gmt":"2023-09-12T21:09:48","slug":"aviso-de-privacidad","status":"publish","type":"page","link":"https:\/\/quirurgicadelsur.com\/en\/aviso-de-privacidad\/","title":{"rendered":"Privacy Policy"},"content":{"rendered":"\n\n[et_pb_section fb_built=\u00bb1&#8243; admin_label=\u00bbSecci\u00f3n\u00bb _builder_version=\u00bb4.22.0&#8243; _module_preset=\u00bbdefault\u00bb background_enable_color=\u00bboff\u00bb use_background_color_gradient=\u00bbon\u00bb background_color_gradient_stops=\u00bb#ffffff 0%|rgba(255,255,255,0) 26%\u00bb background_color_gradient_overlays_image=\u00bbon\u00bb background_image=\u00bbhttp:\/\/noelir3.sg-host.com\/wp-content\/uploads\/2023\/08\/aviso_de_privacidad-scaled.jpg\u00bb background_position=\u00bbcenter_left\u00bb animation_direction=\u00bbbottom\u00bb hover_enabled=\u00bb0&#8243; background_last_edited=\u00bbon|tablet\u00bb background_position_phone=\u00bbcenter_left\u00bb background_horizontal_offset_phone=\u00bb80%\u00bb saved_tabs=\u00bball\u00bb locked=\u00bboff\u00bb global_colors_info=\u00bb{}\u00bb sticky_enabled=\u00bb0&#8243; title_text=\u00bbaviso_de_privacidad\u00bb][et_pb_row _builder_version=\u00bb4.21.0&#8243; _module_preset=\u00bbdefault\u00bb background_enable_color=\u00bboff\u00bb custom_margin=\u00bb60px||||false|false\u00bb global_colors_info=\u00bb{}\u00bb][et_pb_column type=\u00bb4_4&#8243; _builder_version=\u00bb4.16&#8243; _module_preset=\u00bbdefault\u00bb global_colors_info=\u00bb{}\u00bb][et_pb_text _builder_version=\u00bb4.17.3&#8243; _dynamic_attributes=\u00bbcontent\u00bb _module_preset=\u00bbdefault\u00bb text_font=\u00bbMontserrat|600|||||||\u00bb text_text_color=\u00bb#0b3380&#8243; text_font_size=\u00bb16px\u00bb text_line_height=\u00bb1.8em\u00bb link_text_color=\u00bb#2ea6f6&#8243; header_font=\u00bbUbuntu|700|||||||\u00bb header_text_color=\u00bb#0b3380&#8243; header_font_size=\u00bb42px\u00bb custom_margin=\u00bb||5px||false|false\u00bb custom_padding=\u00bb||0px||false|false\u00bb global_colors_info=\u00bb{}\u00bb]@ET-DC@eyJkeW5hbWljIjp0cnVlLCJjb250ZW50IjoicG9zdF90aXRsZSIsInNldHRpbmdzIjp7ImJlZm9yZSI6IjxoMT4iLCJhZnRlciI6IjwvaDE+In19@[\/et_pb_text][lwp_divi_breadcrumbs font_icon=\u00bb&#x35;||divi||400&#8243; link_color=\u00bb#2EA6F6&#8243; separator_color=\u00bb#2EA6F6&#8243; current_text_color=\u00bb#0B3380&#8243; _builder_version=\u00bb4.17.3&#8243; _module_preset=\u00bbdefault\u00bb module_font=\u00bbMontserrat|600|||||||\u00bb module_text_color=\u00bb#0B3380&#8243; module_font_size=\u00bb16px\u00bb module_line_height=\u00bb1.6em\u00bb global_colors_info=\u00bb{}\u00bb][\/lwp_divi_breadcrumbs][\/et_pb_column][\/et_pb_row][\/et_pb_section][et_pb_section fb_built=\u00bb1&#8243; _builder_version=\u00bb4.16&#8243; _module_preset=\u00bbdefault\u00bb global_colors_info=\u00bb{}\u00bb][et_pb_row _builder_version=\u00bb4.16&#8243; _module_preset=\u00bbdefault\u00bb global_colors_info=\u00bb{}\u00bb][et_pb_column type=\u00bb4_4&#8243; _builder_version=\u00bb4.16&#8243; _module_preset=\u00bbdefault\u00bb global_colors_info=\u00bb{}\u00bb][et_pb_text _builder_version=\u00bb4.22.0&#8243; _module_preset=\u00bbdefault\u00bb text_font=\u00bbMontserrat||||||||\u00bb text_text_color=\u00bb#3b4964&#8243; text_font_size=\u00bb16px\u00bb text_line_height=\u00bb1.9em\u00bb global_colors_info=\u00bb{}\u00bb]<h2 style=\"text-align: justify;\"><strong>Aviso de privacidad<\/strong><\/h2>\n<p style=\"text-align: justify;\"><strong><\/strong><\/p>\n<h3 style=\"text-align: justify;\"><strong>Responsable del tratamiento de datos personales.\u00a0<\/strong><strong><\/strong><\/h3>\n<p style=\"text-align: justify;\">De conformidad con lo dispuesto en la Ley Federal de Protecci\u00f3n de Datos Personales en Posesi\u00f3n de los Particulares, SERVICIOS MEDICOS PARA TODOS, S.A. DE C.V., (QUIRURGICA DEL SUR), con domicilio en Av. L\u00f3pez Portillo No 872 y 874, SM 59, MZ 37, Unidad Morelos, Canc\u00fan Quintana Roo C.P. 77515, es responsable del tratamiento de sus datos personales conforme a este aviso de privacidad y hace de su conocimiento que sus datos personales, incluso los sensibles, patrimoniales o financieros recabados o generados con motivo de la prestaci\u00f3n de servicios de este Hospital, por medio de solicitudes, declaraciones, medios electr\u00f3nicos, impresos en todas sus modalidades, videos, ser\u00e1n utilizados y tratados exclusivamente para proveer servicios m\u00e9dicos y hospitalarios; dar cumplimiento a las obligaciones contra\u00eddas con nuestros clientes; informar sobre cambios de nuestros productos y servicios; evaluar la calidad del servicio; as\u00ed como para el efectivo cumplimiento de todas y cada una de las obligaciones derivadas de la prestaci\u00f3n de nuestros servicios hospitalarios, servicios profesionales, t\u00e9cnicos y auxiliares de la salud que intervengan, tales como m\u00e9dicos tratantes, interconsultantes, personal de apoyo a los mismos y de las subsidiarias, afiliadas o de las sociedades que forme parte del Hospital, creaci\u00f3n, estudio, an\u00e1lisis, actualizaci\u00f3n y conservaci\u00f3n del expediente cl\u00ednico; facturaci\u00f3n y cobranza por servicios, estudios, registros, estad\u00edsticas y an\u00e1lisis de salud, conservaci\u00f3n de registros para seguimiento de servicios, prestaci\u00f3n de servicios en el futuro y en general para dar seguimiento a cualquier relaci\u00f3n contractual, an\u00e1lisis estad\u00edsticos y de mercado, promoci\u00f3n y mercadeo de productos y servicios de QUIRURGICA DEL SUR u otras empresas pertenecientes del grupo de SERVICIOS MEDICOS PARA TODOS, S.A. DE C.V.<\/p>\n<p style=\"text-align: justify;\">Debido a la importancia que tiene la protecci\u00f3n de la privacidad y los datos personales de los menores de edad, no se obtiene, usa, divulga o almacena informaci\u00f3n relacionada con menores de edad, sin el consentimiento previo de su representante legal, qui\u00e9n ser\u00e1 el que podr\u00e1 ejercitar los derechos que por ley le corresponden al titular de datos personales, en este caso, el menor de edad.<\/p>\n<p style=\"text-align: justify;\">Se le informa que para limitar el uso y divulgaci\u00f3n de sus datos, mantendremos pol\u00edticas y procedimientos de seguridad administrativas, t\u00e9cnicas, f\u00edsicas y confidencialidad internas, en cumplimiento a la normatividad aplicable.<\/p>\n<h3 style=\"text-align: justify;\"><strong>Tratamiento de datos personales sensibles.\u00a0<\/strong><\/h3>\n<p style=\"text-align: justify;\">Para transferir datos para el pago de servicios a favor del titular por parte de terceros ajenos a esta Instituci\u00f3n, con quienes tenga contratados servicios de cobertura m\u00e9dica, pudiendo ser entre ellos en forma enunciativa m\u00e1s no limitativa compa\u00f1\u00edas aseguradoras, expresamos que estos ser\u00e1n tratados en los t\u00e9rminos previstos en el Articulo 37 Fracc. IV y VII de la Ley aplicable, asumiendo el tercero receptor, las obligaciones inherentes al responsable y salvaguardando la privacidad de los mismos.<\/p>\n<p style=\"text-align: justify;\">De igual forma sus datos personales incluso los sensibles, podr\u00e1n ser compartidos con terceros como lo son laboratorios m\u00e9dicos, Fedatarios P\u00fablicos, y\/o Abogados del Hospital, con motivo de los actos jur\u00eddicos generados de dicha prestaci\u00f3n de servicios, de conformidad a lo establecido en el art\u00edculo 37 de la Ley aplicable.<\/p>\n<p style=\"text-align: justify;\">Si usted no manifiesta su oposici\u00f3n para que sus datos personales sean transferidos, se entender\u00e1 que ha otorgado su consentimiento para ello, siendo v\u00e1lido para todos los servicios de atenci\u00f3n m\u00e9dica que de ahora y en adelante reciba de esta Instituci\u00f3n M\u00e9dica, independientemente del motivo por el cual se le otorguen los mismos.<\/p>\n<h3 style=\"text-align: justify;\"><strong>Medios para ejercer derechos arco (Acceso, rectificaci\u00f3n, cancelaci\u00f3n y oposici\u00f3n).<\/strong><\/h3>\n<p style=\"text-align: justify;\">El ejercicio de los derechos de acceso, rectificaci\u00f3n, cancelaci\u00f3n u oposici\u00f3n de sus datos podr\u00e1 efectuarse en la Gerencia Administrativa del hospital, o manifest\u00e1ndolo en el correo electr\u00f3nico<span>\u00a0<\/span><a href=\"mailto:info@qds.mx\">info@qds.mx<\/a><span>\u00a0<\/span>o mediante notificaci\u00f3n por escrito en la Gerencia Administrativa del hospital Quir\u00fargica del Sur, ubicada en Av. L\u00f3pez Portillo No 872 y 874, SM 59, MZ 37, Unidad Morelos, Canc\u00fan Quintana Roo C.P. 77515, en horario de lunes a viernes de 9:00 a 17:00 hrs, la que deber\u00e1 contener la siguiente informaci\u00f3n: Tipo de solicitud (acceso, rectificaci\u00f3n, revocaci\u00f3n, cancelaci\u00f3n u oposici\u00f3n), descripci\u00f3n de los datos personales sobre los que desea ejercer sus derechos ARCO, nombre y apellidos del titular, fecha de nacimiento, nacionalidad, domicilio del titular o correo electr\u00f3nico para comunicar una respuesta a su solicitud, servicios m\u00e9dicos que solicit\u00f3, si ejerce sus derecho a trav\u00e9s de un representante, nombre completo del representante, documento con el que acredita la representaci\u00f3n (anexar original o copia certificada) cualquier otro elemento que permita la localizaci\u00f3n de los datos personales y atenci\u00f3n a la solicitud, de igual forma en todo momento podr\u00e1 llevarse a cabo la revocaci\u00f3n de su consentimiento, hasta en tanto no se tenga celebrado alg\u00fan acto con el Hospital, los cuales deber\u00e1n realizarse por escrito presentado en el domicilio antes citado, recab\u00e1ndose sello de recepci\u00f3n o acuse de recibido, de conformidad con lo dispuesto en la legislaci\u00f3n aplicable. En un plazo m\u00e1ximo de 20 d\u00edas h\u00e1biles recibir\u00e1 la respuesta a su solicitud y se le entregar\u00e1 utilizando el mismo medio por el que present\u00f3 su solicitud.<\/p>\n<p style=\"text-align: justify;\">Usted tiene el derecho de acceder a sus datos personales que poseemos y a los detalles del tratamiento de los mismos, as\u00ed como a rectificarlos en caso de ser inexactos o instruirnos cancelarlos cuando considere que resulten ser excesivos o innecesarios para las finalidades que justificaron su obtenci\u00f3n u oponerse al tratamiento de los mismos para fines espec\u00edficos.<\/p>\n<p style=\"text-align: justify;\">Nos reservamos el derecho de efectuar en cualquier momento modificaciones o actualizaciones al presente aviso de privacidad, para la atenci\u00f3n de novedades legislativas o jurisprudenciales, pol\u00edticas internas y\/o nuevos requerimientos para la prestaci\u00f3n de nuestros servicios, el cual estar\u00e1 a su disposici\u00f3n en la p\u00e1gina<span>\u00a0<\/span><a href=\"https:\/\/quirurgicadelsur.com\/\">www.quirurgicadelsur.com<\/a>, y\/o a trav\u00e9s de comunicados colocados en nuestros establecimientos o informados.<\/p>[\/et_pb_text][\/et_pb_column][\/et_pb_row][\/et_pb_section]\n\n","protected":false},"excerpt":{"rendered":"<p><div class=\"et_pb_module lwp_divi_breadcrumbs lwp_divi_breadcrumbs_0\">\n\t\t\t\t\n\t\t\t\t\n\t\t\t\t\n\t\t\t\t\n\t\t\t\t\n\t\t\t\t\n\t\t\t\t<div class=\"et_pb_module_inner\">\n\t\t\t\t\t<div class=\"lwp-breadcrumbs\"> <span class=\"before\"><\/span> <span vocab=\"https:\/\/schema.org\/\" typeof=\"BreadcrumbList\"><span property=\"itemListElement\" typeof=\"ListItem\"><a property=\"item\" typeof=\"WebPage\" href=\"https:\/\/quirurgicadelsur.com\/en\/\" class=\"home\"><span property=\"name\">Home<\/span><\/a><meta property=\"position\" content=\"1\"><\/span> <span class=\"separator et-pb-icon\">5<\/span> <\/span><\/div>\n\t\t\t\t<\/div>\n\t\t\t<\/div>Aviso de privacidad Responsable del tratamiento de datos personales.\u00a0 De conformidad con lo dispuesto en la Ley Federal de Protecci\u00f3n de Datos Personales en Posesi\u00f3n de los Particulares, SERVICIOS MEDICOS PARA TODOS, S.A. DE C.V., (QUIRURGICA DEL SUR), con domicilio en Av. L\u00f3pez Portillo [&hellip;]<\/p>\n","protected":false},"author":2,"featured_media":0,"parent":0,"menu_order":0,"comment_status":"closed","ping_status":"closed","template":"","meta":{"_et_pb_use_builder":"on","_et_pb_old_content":"<!-- wp:heading --><h2>Who we are<\/h2><!-- \/wp:heading --><!-- wp:paragraph --><p>Our website address is: https:\/\/curex.duogeeks.com.<\/p><!-- \/wp:paragraph --><!-- wp:heading --><h2>What personal data we collect and why we collect it<\/h2><!-- \/wp:heading --><!-- wp:heading {\"level\":3} --><h3>Comments<\/h3><!-- \/wp:heading --><!-- wp:paragraph --><p>When visitors leave comments on the site we collect the data shown in the comments form, and also the visitor&#8217;s IP address and browser user agent string to help spam detection.<\/p><!-- \/wp:paragraph --><!-- wp:paragraph --><p>An anonymized string created from your email address (also called a hash) may be provided to the Gravatar service to see if you are using it. The Gravatar service privacy policy is available here: https:\/\/automattic.com\/privacy\/. After approval of your comment, your profile picture is visible to the public in the context of your comment.<\/p><!-- \/wp:paragraph --><!-- wp:heading {\"level\":3} --><h3>Media<\/h3><!-- \/wp:heading --><!-- wp:paragraph --><p>If you upload images to the website, you should avoid uploading images with embedded location data (EXIF GPS) included. Visitors to the website can download and extract any location data from images on the website.<\/p><!-- \/wp:paragraph --><!-- wp:heading {\"level\":3} --><h3>Contact forms<\/h3><!-- \/wp:heading --><!-- wp:heading {\"level\":3} --><h3>Cookies<\/h3><!-- \/wp:heading --><!-- wp:paragraph --><p>If you leave a comment on our site you may opt-in to saving your name, email address and website in cookies. These are for your convenience so that you do not have to fill in your details again when you leave another comment. These cookies will last for one year.<\/p><!-- \/wp:paragraph --><!-- wp:paragraph --><p>If you visit our login page, we will set a temporary cookie to determine if your browser accepts cookies. This cookie contains no personal data and is discarded when you close your browser.<\/p><!-- \/wp:paragraph --><!-- wp:paragraph --><p>When you log in, we will also set up several cookies to save your login information and your screen display choices. Login cookies last for two days, and screen options cookies last for a year. If you select &quot;Remember Me&quot;, your login will persist for two weeks. If you log out of your account, the login cookies will be removed.<\/p><!-- \/wp:paragraph --><!-- wp:paragraph --><p>If you edit or publish an article, an additional cookie will be saved in your browser. This cookie includes no personal data and simply indicates the post ID of the article you just edited. It expires after 1 day.<\/p><!-- \/wp:paragraph --><!-- wp:heading {\"level\":3} --><h3>Embedded content from other websites<\/h3><!-- \/wp:heading --><!-- wp:paragraph --><p>Articles on this site may include embedded content (e.g. videos, images, articles, etc.). Embedded content from other websites behaves in the exact same way as if the visitor has visited the other website.<\/p><!-- \/wp:paragraph --><!-- wp:paragraph --><p>These websites may collect data about you, use cookies, embed additional third-party tracking, and monitor your interaction with that embedded content, including tracking your interaction with the embedded content if you have an account and are logged in to that website.<\/p><!-- \/wp:paragraph --><!-- wp:heading {\"level\":3} --><h3>Analytics<\/h3><!-- \/wp:heading --><!-- wp:heading --><h2>Who we share your data with<\/h2><!-- \/wp:heading --><!-- wp:heading --><h2>How long we retain your data<\/h2><!-- \/wp:heading --><!-- wp:paragraph --><p>If you leave a comment, the comment and its metadata are retained indefinitely. This is so we can recognize and approve any follow-up comments automatically instead of holding them in a moderation queue.<\/p><!-- \/wp:paragraph --><!-- wp:paragraph --><p>For users that register on our website (if any), we also store the personal information they provide in their user profile. All users can see, edit, or delete their personal information at any time (except they cannot change their username). Website administrators can also see and edit that information.<\/p><!-- \/wp:paragraph --><!-- wp:heading --><h2>What rights you have over your data<\/h2><!-- \/wp:heading --><!-- wp:paragraph --><p>If you have an account on this site, or have left comments, you can request to receive an exported file of the personal data we hold about you, including any data you have provided to us. You can also request that we erase any personal data we hold about you. This does not include any data we are obliged to keep for administrative, legal, or security purposes.<\/p><!-- \/wp:paragraph --><!-- wp:heading --><h2>Where we send your data<\/h2><!-- \/wp:heading --><!-- wp:paragraph --><p>Visitor comments may be checked through an automated spam detection service.<\/p><!-- \/wp:paragraph --><!-- wp:heading --><h2>Your contact information<\/h2><!-- \/wp:heading --><!-- wp:heading --><h2>Additional information<\/h2><!-- \/wp:heading --><!-- wp:heading {\"level\":3} --><h3>How we protect your data<\/h3><!-- \/wp:heading --><!-- wp:heading {\"level\":3} --><h3>What data breach procedures we have in place<\/h3><!-- \/wp:heading --><!-- wp:heading {\"level\":3} --><h3>What third parties we receive data from<\/h3><!-- \/wp:heading --><!-- wp:heading {\"level\":3} --><h3>What automated decision making and\/or profiling we do with user data<\/h3><!-- \/wp:heading --><!-- wp:heading {\"level\":3} --><h3>Industry regulatory disclosure requirements<\/h3><!-- \/wp:heading -->","_et_gb_content_width":"","inline_featured_image":false,"footnotes":""},"class_list":["post-259","page","type-page","status-publish","hentry"],"yoast_head":"<!-- This site is optimized with the Yoast SEO plugin v27.4 - https:\/\/yoast.com\/product\/yoast-seo-wordpress\/ -->\n<title>Aviso de privacidad - Quir\u00fargica del Sur<\/title>\n<meta name=\"description\" content=\"Aviso de privacidad: Tu confidencialidad es nuestra prioridad. Descubre c\u00f3mo protegemos tus datos personales en Quir\u00fargica del Sur.\" \/>\n<meta name=\"robots\" content=\"index, follow, max-snippet:-1, max-image-preview:large, max-video-preview:-1\" \/>\n<link rel=\"canonical\" href=\"https:\/\/quirurgicadelsur.com\/en\/aviso-de-privacidad\/\" \/>\n<meta property=\"og:locale\" content=\"en_US\" \/>\n<meta property=\"og:type\" content=\"article\" \/>\n<meta property=\"og:title\" content=\"Aviso de privacidad - Quir\u00fargica del Sur\" \/>\n<meta property=\"og:description\" content=\"Aviso de privacidad: Tu confidencialidad es nuestra prioridad. Descubre c\u00f3mo protegemos tus datos personales en Quir\u00fargica del Sur.\" \/>\n<meta property=\"og:url\" content=\"https:\/\/quirurgicadelsur.com\/en\/aviso-de-privacidad\/\" \/>\n<meta property=\"og:site_name\" content=\"Quir\u00fargica del Sur\" \/>\n<meta property=\"article:publisher\" content=\"https:\/\/www.facebook.com\/quirurgicadelsur\/\" \/>\n<meta property=\"article:modified_time\" content=\"2023-09-12T21:09:48+00:00\" \/>\n<meta property=\"og:image\" content=\"https:\/\/quirurgicadelsur.com\/wp-content\/uploads\/2023\/06\/1500x500.jpg\" \/>\n\t<meta property=\"og:image:width\" content=\"1500\" \/>\n\t<meta property=\"og:image:height\" content=\"500\" \/>\n\t<meta property=\"og:image:type\" content=\"image\/jpeg\" \/>\n<meta name=\"twitter:card\" content=\"summary_large_image\" \/>\n<meta name=\"twitter:site\" content=\"@qscancun\" \/>\n<meta name=\"twitter:label1\" content=\"Est. reading time\" \/>\n\t<meta name=\"twitter:data1\" content=\"5 minutes\" \/>\n<script type=\"application\/ld+json\" class=\"yoast-schema-graph\">{\"@context\":\"https:\\\/\\\/schema.org\",\"@graph\":[{\"@type\":\"WebPage\",\"@id\":\"https:\\\/\\\/quirurgicadelsur.com\\\/aviso-de-privacidad\\\/\",\"url\":\"https:\\\/\\\/quirurgicadelsur.com\\\/aviso-de-privacidad\\\/\",\"name\":\"Aviso de privacidad - Quir\u00fargica del Sur\",\"isPartOf\":{\"@id\":\"https:\\\/\\\/quirurgicadelsur.com\\\/#website\"},\"datePublished\":\"2020-09-02T08:01:31+00:00\",\"dateModified\":\"2023-09-12T21:09:48+00:00\",\"description\":\"Aviso de privacidad: Tu confidencialidad es nuestra prioridad. Descubre c\u00f3mo protegemos tus datos personales en Quir\u00fargica del Sur.\",\"breadcrumb\":{\"@id\":\"https:\\\/\\\/quirurgicadelsur.com\\\/aviso-de-privacidad\\\/#breadcrumb\"},\"inLanguage\":\"en-US\",\"potentialAction\":[{\"@type\":\"ReadAction\",\"target\":[\"https:\\\/\\\/quirurgicadelsur.com\\\/aviso-de-privacidad\\\/\"]}]},{\"@type\":\"BreadcrumbList\",\"@id\":\"https:\\\/\\\/quirurgicadelsur.com\\\/aviso-de-privacidad\\\/#breadcrumb\",\"itemListElement\":[{\"@type\":\"ListItem\",\"position\":1,\"name\":\"Home\",\"item\":\"https:\\\/\\\/quirurgicadelsur.com\\\/\"},{\"@type\":\"ListItem\",\"position\":2,\"name\":\"Aviso de privacidad\"}]},{\"@type\":\"WebSite\",\"@id\":\"https:\\\/\\\/quirurgicadelsur.com\\\/#website\",\"url\":\"https:\\\/\\\/quirurgicadelsur.com\\\/\",\"name\":\"Quir\u00fargica del Sur\",\"description\":\"Hospital en Canc\u00fan con m\u00e1s de 25 especialistas y todo un equipo de profesionales de la medicina, ofrece desde hace m\u00e1s de 15 a\u00f1os cuidar de su salud.\",\"publisher\":{\"@id\":\"https:\\\/\\\/quirurgicadelsur.com\\\/#organization\"},\"alternateName\":\"Quirurgica del Sur\",\"potentialAction\":[{\"@type\":\"SearchAction\",\"target\":{\"@type\":\"EntryPoint\",\"urlTemplate\":\"https:\\\/\\\/quirurgicadelsur.com\\\/?s={search_term_string}\"},\"query-input\":{\"@type\":\"PropertyValueSpecification\",\"valueRequired\":true,\"valueName\":\"search_term_string\"}}],\"inLanguage\":\"en-US\"},{\"@type\":\"Organization\",\"@id\":\"https:\\\/\\\/quirurgicadelsur.com\\\/#organization\",\"name\":\"Quir\u00fargica del Sur\",\"alternateName\":\"Quir\u00fargica del Sur\",\"url\":\"https:\\\/\\\/quirurgicadelsur.com\\\/\",\"logo\":{\"@type\":\"ImageObject\",\"inLanguage\":\"en-US\",\"@id\":\"https:\\\/\\\/quirurgicadelsur.com\\\/#\\\/schema\\\/logo\\\/image\\\/\",\"url\":\"http:\\\/\\\/noelir3.sg-host.com\\\/wp-content\\\/uploads\\\/2023\\\/06\\\/logotipo.png\",\"contentUrl\":\"http:\\\/\\\/noelir3.sg-host.com\\\/wp-content\\\/uploads\\\/2023\\\/06\\\/logotipo.png\",\"width\":289,\"height\":60,\"caption\":\"Quir\u00fargica del Sur\"},\"image\":{\"@id\":\"https:\\\/\\\/quirurgicadelsur.com\\\/#\\\/schema\\\/logo\\\/image\\\/\"},\"sameAs\":[\"https:\\\/\\\/www.facebook.com\\\/quirurgicadelsur\\\/\",\"https:\\\/\\\/x.com\\\/qscancun\"]}]}<\/script>\n<!-- \/ Yoast SEO plugin. -->","yoast_head_json":{"title":"Aviso de privacidad - Quir\u00fargica del Sur","description":"Aviso de privacidad: Tu confidencialidad es nuestra prioridad. Descubre c\u00f3mo protegemos tus datos personales en Quir\u00fargica del Sur.","robots":{"index":"index","follow":"follow","max-snippet":"max-snippet:-1","max-image-preview":"max-image-preview:large","max-video-preview":"max-video-preview:-1"},"canonical":"https:\/\/quirurgicadelsur.com\/en\/aviso-de-privacidad\/","og_locale":"en_US","og_type":"article","og_title":"Aviso de privacidad - Quir\u00fargica del Sur","og_description":"Aviso de privacidad: Tu confidencialidad es nuestra prioridad. Descubre c\u00f3mo protegemos tus datos personales en Quir\u00fargica del Sur.","og_url":"https:\/\/quirurgicadelsur.com\/en\/aviso-de-privacidad\/","og_site_name":"Quir\u00fargica del Sur","article_publisher":"https:\/\/www.facebook.com\/quirurgicadelsur\/","article_modified_time":"2023-09-12T21:09:48+00:00","og_image":[{"width":1500,"height":500,"url":"https:\/\/quirurgicadelsur.com\/wp-content\/uploads\/2023\/06\/1500x500.jpg","type":"image\/jpeg"}],"twitter_card":"summary_large_image","twitter_site":"@qscancun","twitter_misc":{"Est. reading time":"5 minutes"},"schema":{"@context":"https:\/\/schema.org","@graph":[{"@type":"WebPage","@id":"https:\/\/quirurgicadelsur.com\/aviso-de-privacidad\/","url":"https:\/\/quirurgicadelsur.com\/aviso-de-privacidad\/","name":"Aviso de privacidad - Quir\u00fargica del Sur","isPartOf":{"@id":"https:\/\/quirurgicadelsur.com\/#website"},"datePublished":"2020-09-02T08:01:31+00:00","dateModified":"2023-09-12T21:09:48+00:00","description":"Aviso de privacidad: Tu confidencialidad es nuestra prioridad. Descubre c\u00f3mo protegemos tus datos personales en Quir\u00fargica del Sur.","breadcrumb":{"@id":"https:\/\/quirurgicadelsur.com\/aviso-de-privacidad\/#breadcrumb"},"inLanguage":"en-US","potentialAction":[{"@type":"ReadAction","target":["https:\/\/quirurgicadelsur.com\/aviso-de-privacidad\/"]}]},{"@type":"BreadcrumbList","@id":"https:\/\/quirurgicadelsur.com\/aviso-de-privacidad\/#breadcrumb","itemListElement":[{"@type":"ListItem","position":1,"name":"Home","item":"https:\/\/quirurgicadelsur.com\/"},{"@type":"ListItem","position":2,"name":"Aviso de privacidad"}]},{"@type":"WebSite","@id":"https:\/\/quirurgicadelsur.com\/#website","url":"https:\/\/quirurgicadelsur.com\/","name":"Quir\u00fargica del Sur","description":"Hospital en Canc\u00fan con m\u00e1s de 25 especialistas y todo un equipo de profesionales de la medicina, ofrece desde hace m\u00e1s de 15 a\u00f1os cuidar de su salud.","publisher":{"@id":"https:\/\/quirurgicadelsur.com\/#organization"},"alternateName":"Quirurgica del Sur","potentialAction":[{"@type":"SearchAction","target":{"@type":"EntryPoint","urlTemplate":"https:\/\/quirurgicadelsur.com\/?s={search_term_string}"},"query-input":{"@type":"PropertyValueSpecification","valueRequired":true,"valueName":"search_term_string"}}],"inLanguage":"en-US"},{"@type":"Organization","@id":"https:\/\/quirurgicadelsur.com\/#organization","name":"Quir\u00fargica del Sur","alternateName":"Quir\u00fargica del Sur","url":"https:\/\/quirurgicadelsur.com\/","logo":{"@type":"ImageObject","inLanguage":"en-US","@id":"https:\/\/quirurgicadelsur.com\/#\/schema\/logo\/image\/","url":"http:\/\/noelir3.sg-host.com\/wp-content\/uploads\/2023\/06\/logotipo.png","contentUrl":"http:\/\/noelir3.sg-host.com\/wp-content\/uploads\/2023\/06\/logotipo.png","width":289,"height":60,"caption":"Quir\u00fargica del Sur"},"image":{"@id":"https:\/\/quirurgicadelsur.com\/#\/schema\/logo\/image\/"},"sameAs":["https:\/\/www.facebook.com\/quirurgicadelsur\/","https:\/\/x.com\/qscancun"]}]}},"_links":{"self":[{"href":"https:\/\/quirurgicadelsur.com\/en\/wp-json\/wp\/v2\/pages\/259","targetHints":{"allow":["GET"]}}],"collection":[{"href":"https:\/\/quirurgicadelsur.com\/en\/wp-json\/wp\/v2\/pages"}],"about":[{"href":"https:\/\/quirurgicadelsur.com\/en\/wp-json\/wp\/v2\/types\/page"}],"author":[{"embeddable":true,"href":"https:\/\/quirurgicadelsur.com\/en\/wp-json\/wp\/v2\/users\/2"}],"replies":[{"embeddable":true,"href":"https:\/\/quirurgicadelsur.com\/en\/wp-json\/wp\/v2\/comments?post=259"}],"version-history":[{"count":0,"href":"https:\/\/quirurgicadelsur.com\/en\/wp-json\/wp\/v2\/pages\/259\/revisions"}],"wp:attachment":[{"href":"https:\/\/quirurgicadelsur.com\/en\/wp-json\/wp\/v2\/media?parent=259"}],"curies":[{"name":"wp","href":"https:\/\/api.w.org\/{rel}","templated":true}]}}