{"id":253,"date":"2020-09-20T14:16:23","date_gmt":"2020-09-20T14:16:23","guid":{"rendered":"http:\/\/noelir3.sg-host.com\/blog\/"},"modified":"2023-09-10T04:17:13","modified_gmt":"2023-09-10T04:17:13","slug":"blog","status":"publish","type":"page","link":"https:\/\/quirurgicadelsur.com\/en\/blog\/","title":{"rendered":"Blog"},"content":{"rendered":"<p>[et_pb_section fb_built=\u00bb1&#8243; _builder_version=\u00bb4.16&#8243; _module_preset=\u00bbdefault\u00bb background_color=\u00bb#f9f9f9&#8243; animation_direction=\u00bbbottom\u00bb saved_tabs=\u00bball\u00bb locked=\u00bboff\u00bb global_colors_info=\u00bb{}\u00bb da_is_popup=\u00bboff\u00bb da_exit_intent=\u00bboff\u00bb da_has_close=\u00bbon\u00bb da_alt_close=\u00bboff\u00bb da_dark_close=\u00bboff\u00bb da_not_modal=\u00bbon\u00bb da_is_singular=\u00bboff\u00bb da_with_loader=\u00bboff\u00bb da_has_shadow=\u00bbon\u00bb da_disable_devices=\u00bboff|off|off\u00bb][et_pb_row _builder_version=\u00bb4.16&#8243; _module_preset=\u00bbdefault\u00bb global_colors_info=\u00bb{}\u00bb][et_pb_column type=\u00bb4_4&#8243; _builder_version=\u00bb4.16&#8243; _module_preset=\u00bbdefault\u00bb global_colors_info=\u00bb{}\u00bb][et_pb_text _builder_version=\u00bb4.17.3&#8243; _dynamic_attributes=\u00bbcontent\u00bb _module_preset=\u00bbdefault\u00bb text_font=\u00bbMontserrat|600|||||||\u00bb text_text_color=\u00bb#0b3380&#8243; text_font_size=\u00bb16px\u00bb text_line_height=\u00bb1.8em\u00bb link_text_color=\u00bb#2ea6f6&#8243; header_font=\u00bbUbuntu|700|||||||\u00bb header_text_color=\u00bb#0b3380&#8243; header_font_size=\u00bb42px\u00bb custom_margin=\u00bb||5px||false|false\u00bb custom_padding=\u00bb||0px||false|false\u00bb global_colors_info=\u00bb{}\u00bb]@ET-DC@eyJkeW5hbWljIjp0cnVlLCJjb250ZW50IjoicG9zdF90aXRsZSIsInNldHRpbmdzIjp7ImJlZm9yZSI6IjxoMT4iLCJhZnRlciI6IjwvaDE+In19@[\/et_pb_text][lwp_divi_breadcrumbs font_icon=\u00bb&#x35;||divi||400&#8243; link_color=\u00bb#2EA6F6&#8243; separator_color=\u00bb#2EA6F6&#8243; current_text_color=\u00bb#0B3380&#8243; _builder_version=\u00bb4.17.3&#8243; _module_preset=\u00bbdefault\u00bb module_font=\u00bbMontserrat|600|||||||\u00bb module_text_color=\u00bb#0B3380&#8243; module_font_size=\u00bb16px\u00bb module_line_height=\u00bb1.6em\u00bb global_colors_info=\u00bb{}\u00bb][\/lwp_divi_breadcrumbs][\/et_pb_column][\/et_pb_row][\/et_pb_section][et_pb_section fb_built=\u00bb1&#8243; _builder_version=\u00bb4.16&#8243; _module_preset=\u00bbdefault\u00bb global_colors_info=\u00bb{}\u00bb da_is_popup=\u00bboff\u00bb da_exit_intent=\u00bboff\u00bb da_has_close=\u00bbon\u00bb da_alt_close=\u00bboff\u00bb da_dark_close=\u00bboff\u00bb da_not_modal=\u00bbon\u00bb da_is_singular=\u00bboff\u00bb da_with_loader=\u00bboff\u00bb da_has_shadow=\u00bbon\u00bb da_disable_devices=\u00bboff|off|off\u00bb][et_pb_row _builder_version=\u00bb4.16&#8243; _module_preset=\u00bbdefault\u00bb animation_direction=\u00bbbottom\u00bb global_colors_info=\u00bb{}\u00bb][et_pb_column type=\u00bb4_4&#8243; _builder_version=\u00bb4.16&#8243; _module_preset=\u00bbdefault\u00bb global_colors_info=\u00bb{}\u00bb][et_pb_text _builder_version=\u00bb4.22.1&#8243; _module_preset=\u00bbdefault\u00bb text_font=\u00bbMontserrat|700|||||||\u00bb text_text_color=\u00bb#fe9d24&#8243; text_font_size=\u00bb18px\u00bb text_line_height=\u00bb1.8em\u00bb header_2_font=\u00bbUbuntu|700|||||||\u00bb header_2_text_color=\u00bb#0b3380&#8243; header_2_font_size=\u00bb36px\u00bb header_2_line_height=\u00bb1.2em\u00bb text_orientation=\u00bbcenter\u00bb custom_margin=\u00bb||10px||false|false\u00bb hover_enabled=\u00bb0&#8243; global_colors_info=\u00bb{}\u00bb sticky_enabled=\u00bb0&#8243;]<\/p>\n<h2>Consulta <em>nuestros<\/em> servicios<\/h2>\n<p>[\/et_pb_text][\/et_pb_column][\/et_pb_row][et_pb_row use_custom_gutter=\u00bbon\u00bb gutter_width=\u00bb2&#8243; make_equal=\u00bbon\u00bb _builder_version=\u00bb4.16&#8243; _module_preset=\u00bbdefault\u00bb animation_direction=\u00bbbottom\u00bb global_colors_info=\u00bb{}\u00bb][et_pb_column type=\u00bb4_4&#8243; _builder_version=\u00bb4.16&#8243; _module_preset=\u00bbdefault\u00bb global_colors_info=\u00bb{}\u00bb][et_pb_blog fullwidth=\u00bboff\u00bb posts_number=\u00bb9&#8243; excerpt_length=\u00bb120&#8243; show_more=\u00bbon\u00bb show_author=\u00bboff\u00bb show_date=\u00bboff\u00bb show_categories=\u00bboff\u00bb _builder_version=\u00bb4.22.1&#8243; _module_preset=\u00bbdefault\u00bb header_font=\u00bbUbuntu|700|||||||\u00bb header_text_color=\u00bb#0b3380&#8243; header_font_size=\u00bb22px\u00bb header_line_height=\u00bb1.4em\u00bb body_font=\u00bbMontserrat||||||||\u00bb body_text_color=\u00bb#3b4964&#8243; body_line_height=\u00bb1.8em\u00bb meta_font=\u00bbMontserrat|600||on|||||\u00bb meta_text_color=\u00bb#fe9d24&#8243; read_more_font=\u00bbUbuntu|700|||on||||\u00bb read_more_text_color=\u00bb#fe9d24&#8243; read_more_font_size=\u00bb16px\u00bb pagination_font=\u00bbMontserrat|700|||||||\u00bb pagination_font_size=\u00bb16px\u00bb background_color=\u00bb#ffffff\u00bb hover_enabled=\u00bb0&#8243; custom_css_featured_image=\u00bbtransition: .5s;||overflow:hidden;\u00bb custom_css_read_more=\u00bbtext-transform:capitalize;\u00bb border_width_all=\u00bb0px\u00bb border_radii_image=\u00bbon|7px|7px|7px|7px\u00bb box_shadow_style_image=\u00bbpreset1&#8243; box_shadow_blur_image=\u00bb42px\u00bb box_shadow_color_image=\u00bbrgba(110,130,208,0.13)\u00bb global_colors_info=\u00bb{}\u00bb custom_css_featured_image__hover_enabled=\u00bbon|desktop\u00bb custom_css_featured_image__hover=\u00bbtransform: scale(1.1);||transition: .5s;||overflow:hidden;\u00bb show_thumbnail=\u00bboff\u00bb sticky_enabled=\u00bb0&#8243;][\/et_pb_blog][\/et_pb_column][\/et_pb_row][\/et_pb_section]<\/p>\n","protected":false},"excerpt":{"rendered":"<p><div class=\"et_pb_module lwp_divi_breadcrumbs lwp_divi_breadcrumbs_0\">\n\t\t\t\t\n\t\t\t\t\n\t\t\t\t\n\t\t\t\t\n\t\t\t\t\n\t\t\t\t\n\t\t\t\t<div class=\"et_pb_module_inner\">\n\t\t\t\t\t<div class=\"lwp-breadcrumbs\"> <span class=\"before\"><\/span> <span vocab=\"https:\/\/schema.org\/\" typeof=\"BreadcrumbList\"><span property=\"itemListElement\" typeof=\"ListItem\"><a property=\"item\" typeof=\"WebPage\" href=\"https:\/\/quirurgicadelsur.com\/en\/\" class=\"home\"><span property=\"name\">Home<\/span><\/a><meta property=\"position\" content=\"1\"><\/span> <span class=\"separator et-pb-icon\">5<\/span> <\/span><\/div>\n\t\t\t\t<\/div>\n\t\t\t<\/div>Consulta nuestros servicios<\/p>","protected":false},"author":2,"featured_media":0,"parent":0,"menu_order":0,"comment_status":"closed","ping_status":"closed","template":"","meta":{"_et_pb_use_builder":"on","_et_pb_old_content":"<!-- wp:divi\/placeholder \/-->","_et_gb_content_width":"","inline_featured_image":false,"footnotes":""},"class_list":["post-253","page","type-page","status-publish","hentry"],"yoast_head":"<!-- This site is optimized with the Yoast SEO plugin v27.4 - https:\/\/yoast.com\/product\/yoast-seo-wordpress\/ -->\n<title>Blog - Quir\u00fargica del Sur<\/title>\n<meta name=\"description\" content=\"Explora noticias y consejos m\u00e9dicos en nuestro blog. Mantente informado sobre salud y bienestar con Quir\u00fargica del Sur.\" \/>\n<meta name=\"robots\" content=\"index, follow, max-snippet:-1, max-image-preview:large, max-video-preview:-1\" \/>\n<link rel=\"canonical\" href=\"https:\/\/quirurgicadelsur.com\/en\/blog\/\" \/>\n<meta property=\"og:locale\" content=\"en_US\" \/>\n<meta property=\"og:type\" content=\"article\" \/>\n<meta property=\"og:title\" content=\"Blog - Quir\u00fargica del Sur\" \/>\n<meta property=\"og:description\" content=\"Explora noticias y consejos m\u00e9dicos en nuestro blog. Mantente informado sobre salud y bienestar con Quir\u00fargica del Sur.\" \/>\n<meta property=\"og:url\" content=\"https:\/\/quirurgicadelsur.com\/en\/blog\/\" \/>\n<meta property=\"og:site_name\" content=\"Quir\u00fargica del Sur\" \/>\n<meta property=\"article:publisher\" content=\"https:\/\/www.facebook.com\/quirurgicadelsur\/\" \/>\n<meta property=\"article:modified_time\" content=\"2023-09-10T04:17:13+00:00\" \/>\n<meta property=\"og:image\" content=\"https:\/\/quirurgicadelsur.com\/wp-content\/uploads\/2023\/06\/1500x500.jpg\" \/>\n\t<meta property=\"og:image:width\" content=\"1500\" \/>\n\t<meta property=\"og:image:height\" content=\"500\" \/>\n\t<meta property=\"og:image:type\" content=\"image\/jpeg\" \/>\n<meta name=\"twitter:card\" content=\"summary_large_image\" \/>\n<meta name=\"twitter:site\" content=\"@qscancun\" \/>\n<meta name=\"twitter:label1\" content=\"Est. reading time\" \/>\n\t<meta name=\"twitter:data1\" content=\"1 minute\" \/>\n<script type=\"application\/ld+json\" class=\"yoast-schema-graph\">{\"@context\":\"https:\\\/\\\/schema.org\",\"@graph\":[{\"@type\":\"WebPage\",\"@id\":\"https:\\\/\\\/quirurgicadelsur.com\\\/blog\\\/\",\"url\":\"https:\\\/\\\/quirurgicadelsur.com\\\/blog\\\/\",\"name\":\"Blog - Quir\u00fargica del Sur\",\"isPartOf\":{\"@id\":\"https:\\\/\\\/quirurgicadelsur.com\\\/#website\"},\"datePublished\":\"2020-09-20T14:16:23+00:00\",\"dateModified\":\"2023-09-10T04:17:13+00:00\",\"description\":\"Explora noticias y consejos m\u00e9dicos en nuestro blog. Mantente informado sobre salud y bienestar con Quir\u00fargica del Sur.\",\"breadcrumb\":{\"@id\":\"https:\\\/\\\/quirurgicadelsur.com\\\/blog\\\/#breadcrumb\"},\"inLanguage\":\"en-US\",\"potentialAction\":[{\"@type\":\"ReadAction\",\"target\":[\"https:\\\/\\\/quirurgicadelsur.com\\\/blog\\\/\"]}]},{\"@type\":\"BreadcrumbList\",\"@id\":\"https:\\\/\\\/quirurgicadelsur.com\\\/blog\\\/#breadcrumb\",\"itemListElement\":[{\"@type\":\"ListItem\",\"position\":1,\"name\":\"Home\",\"item\":\"https:\\\/\\\/quirurgicadelsur.com\\\/\"},{\"@type\":\"ListItem\",\"position\":2,\"name\":\"Blog\"}]},{\"@type\":\"WebSite\",\"@id\":\"https:\\\/\\\/quirurgicadelsur.com\\\/#website\",\"url\":\"https:\\\/\\\/quirurgicadelsur.com\\\/\",\"name\":\"Quir\u00fargica del Sur\",\"description\":\"Hospital en Canc\u00fan con m\u00e1s de 25 especialistas y todo un equipo de profesionales de la medicina, ofrece desde hace m\u00e1s de 15 a\u00f1os cuidar de su salud.\",\"publisher\":{\"@id\":\"https:\\\/\\\/quirurgicadelsur.com\\\/#organization\"},\"alternateName\":\"Quirurgica del Sur\",\"potentialAction\":[{\"@type\":\"SearchAction\",\"target\":{\"@type\":\"EntryPoint\",\"urlTemplate\":\"https:\\\/\\\/quirurgicadelsur.com\\\/?s={search_term_string}\"},\"query-input\":{\"@type\":\"PropertyValueSpecification\",\"valueRequired\":true,\"valueName\":\"search_term_string\"}}],\"inLanguage\":\"en-US\"},{\"@type\":\"Organization\",\"@id\":\"https:\\\/\\\/quirurgicadelsur.com\\\/#organization\",\"name\":\"Quir\u00fargica del Sur\",\"alternateName\":\"Quir\u00fargica del Sur\",\"url\":\"https:\\\/\\\/quirurgicadelsur.com\\\/\",\"logo\":{\"@type\":\"ImageObject\",\"inLanguage\":\"en-US\",\"@id\":\"https:\\\/\\\/quirurgicadelsur.com\\\/#\\\/schema\\\/logo\\\/image\\\/\",\"url\":\"http:\\\/\\\/noelir3.sg-host.com\\\/wp-content\\\/uploads\\\/2023\\\/06\\\/logotipo.png\",\"contentUrl\":\"http:\\\/\\\/noelir3.sg-host.com\\\/wp-content\\\/uploads\\\/2023\\\/06\\\/logotipo.png\",\"width\":289,\"height\":60,\"caption\":\"Quir\u00fargica del Sur\"},\"image\":{\"@id\":\"https:\\\/\\\/quirurgicadelsur.com\\\/#\\\/schema\\\/logo\\\/image\\\/\"},\"sameAs\":[\"https:\\\/\\\/www.facebook.com\\\/quirurgicadelsur\\\/\",\"https:\\\/\\\/x.com\\\/qscancun\"]}]}<\/script>\n<!-- \/ Yoast SEO plugin. -->","yoast_head_json":{"title":"Blog - Quir\u00fargica del Sur","description":"Explora noticias y consejos m\u00e9dicos en nuestro blog. Mantente informado sobre salud y bienestar con Quir\u00fargica del Sur.","robots":{"index":"index","follow":"follow","max-snippet":"max-snippet:-1","max-image-preview":"max-image-preview:large","max-video-preview":"max-video-preview:-1"},"canonical":"https:\/\/quirurgicadelsur.com\/en\/blog\/","og_locale":"en_US","og_type":"article","og_title":"Blog - Quir\u00fargica del Sur","og_description":"Explora noticias y consejos m\u00e9dicos en nuestro blog. Mantente informado sobre salud y bienestar con Quir\u00fargica del Sur.","og_url":"https:\/\/quirurgicadelsur.com\/en\/blog\/","og_site_name":"Quir\u00fargica del Sur","article_publisher":"https:\/\/www.facebook.com\/quirurgicadelsur\/","article_modified_time":"2023-09-10T04:17:13+00:00","og_image":[{"width":1500,"height":500,"url":"https:\/\/quirurgicadelsur.com\/wp-content\/uploads\/2023\/06\/1500x500.jpg","type":"image\/jpeg"}],"twitter_card":"summary_large_image","twitter_site":"@qscancun","twitter_misc":{"Est. reading time":"1 minute"},"schema":{"@context":"https:\/\/schema.org","@graph":[{"@type":"WebPage","@id":"https:\/\/quirurgicadelsur.com\/blog\/","url":"https:\/\/quirurgicadelsur.com\/blog\/","name":"Blog - Quir\u00fargica del Sur","isPartOf":{"@id":"https:\/\/quirurgicadelsur.com\/#website"},"datePublished":"2020-09-20T14:16:23+00:00","dateModified":"2023-09-10T04:17:13+00:00","description":"Explora noticias y consejos m\u00e9dicos en nuestro blog. Mantente informado sobre salud y bienestar con Quir\u00fargica del Sur.","breadcrumb":{"@id":"https:\/\/quirurgicadelsur.com\/blog\/#breadcrumb"},"inLanguage":"en-US","potentialAction":[{"@type":"ReadAction","target":["https:\/\/quirurgicadelsur.com\/blog\/"]}]},{"@type":"BreadcrumbList","@id":"https:\/\/quirurgicadelsur.com\/blog\/#breadcrumb","itemListElement":[{"@type":"ListItem","position":1,"name":"Home","item":"https:\/\/quirurgicadelsur.com\/"},{"@type":"ListItem","position":2,"name":"Blog"}]},{"@type":"WebSite","@id":"https:\/\/quirurgicadelsur.com\/#website","url":"https:\/\/quirurgicadelsur.com\/","name":"Quir\u00fargica del Sur","description":"Hospital en Canc\u00fan con m\u00e1s de 25 especialistas y todo un equipo de profesionales de la medicina, ofrece desde hace m\u00e1s de 15 a\u00f1os cuidar de su salud.","publisher":{"@id":"https:\/\/quirurgicadelsur.com\/#organization"},"alternateName":"Quirurgica del Sur","potentialAction":[{"@type":"SearchAction","target":{"@type":"EntryPoint","urlTemplate":"https:\/\/quirurgicadelsur.com\/?s={search_term_string}"},"query-input":{"@type":"PropertyValueSpecification","valueRequired":true,"valueName":"search_term_string"}}],"inLanguage":"en-US"},{"@type":"Organization","@id":"https:\/\/quirurgicadelsur.com\/#organization","name":"Quir\u00fargica del Sur","alternateName":"Quir\u00fargica del Sur","url":"https:\/\/quirurgicadelsur.com\/","logo":{"@type":"ImageObject","inLanguage":"en-US","@id":"https:\/\/quirurgicadelsur.com\/#\/schema\/logo\/image\/","url":"http:\/\/noelir3.sg-host.com\/wp-content\/uploads\/2023\/06\/logotipo.png","contentUrl":"http:\/\/noelir3.sg-host.com\/wp-content\/uploads\/2023\/06\/logotipo.png","width":289,"height":60,"caption":"Quir\u00fargica del Sur"},"image":{"@id":"https:\/\/quirurgicadelsur.com\/#\/schema\/logo\/image\/"},"sameAs":["https:\/\/www.facebook.com\/quirurgicadelsur\/","https:\/\/x.com\/qscancun"]}]}},"_links":{"self":[{"href":"https:\/\/quirurgicadelsur.com\/en\/wp-json\/wp\/v2\/pages\/253","targetHints":{"allow":["GET"]}}],"collection":[{"href":"https:\/\/quirurgicadelsur.com\/en\/wp-json\/wp\/v2\/pages"}],"about":[{"href":"https:\/\/quirurgicadelsur.com\/en\/wp-json\/wp\/v2\/types\/page"}],"author":[{"embeddable":true,"href":"https:\/\/quirurgicadelsur.com\/en\/wp-json\/wp\/v2\/users\/2"}],"replies":[{"embeddable":true,"href":"https:\/\/quirurgicadelsur.com\/en\/wp-json\/wp\/v2\/comments?post=253"}],"version-history":[{"count":0,"href":"https:\/\/quirurgicadelsur.com\/en\/wp-json\/wp\/v2\/pages\/253\/revisions"}],"wp:attachment":[{"href":"https:\/\/quirurgicadelsur.com\/en\/wp-json\/wp\/v2\/media?parent=253"}],"curies":[{"name":"wp","href":"https:\/\/api.w.org\/{rel}","templated":true}]}}