{"id":250,"date":"2020-09-20T14:17:02","date_gmt":"2020-09-20T14:17:02","guid":{"rendered":"http:\/\/noelir3.sg-host.com\/contact\/"},"modified":"2024-09-17T07:55:08","modified_gmt":"2024-09-17T07:55:08","slug":"contactanos","status":"publish","type":"page","link":"https:\/\/quirurgicadelsur.com\/en\/contactanos\/","title":{"rendered":"Contact us at"},"content":{"rendered":"<p>[et_pb_section fb_built=\u00bb1&#8243; _builder_version=\u00bb4.25.2&#8243; _module_preset=\u00bbdefault\u00bb background_color=\u00bb#f9f9f9&#8243; use_background_color_gradient=\u00bbon\u00bb background_color_gradient_stops=\u00bb#ffffff 0%|rgba(255,255,255,0) 27%\u00bb background_color_gradient_overlays_image=\u00bbon\u00bb background_image=\u00bbhttps:\/\/quirurgicadelsur.com\/wp-content\/uploads\/2023\/06\/home-2-hero-1.jpg\u00bb background_position=\u00bbcenter_right\u00bb animation_direction=\u00bbbottom\u00bb da_disable_devices=\u00bboff|off|off\u00bb saved_tabs=\u00bball\u00bb locked=\u00bboff\u00bb global_colors_info=\u00bb{}\u00bb da_is_popup=\u00bboff\u00bb da_exit_intent=\u00bboff\u00bb da_has_close=\u00bbon\u00bb da_alt_close=\u00bboff\u00bb da_dark_close=\u00bboff\u00bb da_not_modal=\u00bbon\u00bb da_is_singular=\u00bboff\u00bb da_with_loader=\u00bboff\u00bb da_has_shadow=\u00bbon\u00bb][et_pb_row _builder_version=\u00bb4.16&#8243; _module_preset=\u00bbdefault\u00bb global_colors_info=\u00bb{}\u00bb][et_pb_column type=\u00bb4_4&#8243; _builder_version=\u00bb4.16&#8243; _module_preset=\u00bbdefault\u00bb global_colors_info=\u00bb{}\u00bb][et_pb_text _builder_version=\u00bb4.25.2&#8243; _dynamic_attributes=\u00bbcontent\u00bb _module_preset=\u00bbdefault\u00bb text_font=\u00bbMontserrat|600|||||||\u00bb text_text_color=\u00bb#0b3380&#8243; text_line_height=\u00bb1.8em\u00bb link_text_color=\u00bb#2ea6f6&#8243; header_font=\u00bb&#8211;et_global_body_font|700|||||||\u00bb header_text_color=\u00bb#0b3380&#8243; header_font_size=\u00bb42px\u00bb custom_margin=\u00bb||5px||false|false\u00bb custom_padding=\u00bb||0px||false|false\u00bb global_colors_info=\u00bb{}\u00bb]@ET-DC@eyJkeW5hbWljIjp0cnVlLCJjb250ZW50IjoicG9zdF90aXRsZSIsInNldHRpbmdzIjp7ImJlZm9yZSI6IjxoMT4iLCJhZnRlciI6IjwvaDE+In19@[\/et_pb_text][lwp_divi_breadcrumbs font_icon=\u00bb&#x35;||divi||400&#8243; link_color=\u00bb#2EA6F6&#8243; separator_color=\u00bb#2EA6F6&#8243; current_text_color=\u00bb#0B3380&#8243; _builder_version=\u00bb4.17.3&#8243; _module_preset=\u00bbdefault\u00bb module_font=\u00bbMontserrat|600|||||||\u00bb module_text_color=\u00bb#0B3380&#8243; module_line_height=\u00bb1.6em\u00bb global_colors_info=\u00bb{}\u00bb][\/lwp_divi_breadcrumbs][\/et_pb_column][\/et_pb_row][\/et_pb_section][et_pb_section fb_built=\u00bb1&#8243; _builder_version=\u00bb4.21.0&#8243; _module_preset=\u00bbdefault\u00bb da_disable_devices=\u00bboff|off|off\u00bb locked=\u00bboff\u00bb global_colors_info=\u00bb{}\u00bb da_is_popup=\u00bboff\u00bb da_exit_intent=\u00bboff\u00bb da_has_close=\u00bbon\u00bb da_alt_close=\u00bboff\u00bb da_dark_close=\u00bboff\u00bb da_not_modal=\u00bbon\u00bb da_is_singular=\u00bboff\u00bb da_with_loader=\u00bboff\u00bb da_has_shadow=\u00bbon\u00bb][et_pb_row column_structure=\u00bb1_3,2_3&#8243; use_custom_gutter=\u00bbon\u00bb gutter_width=\u00bb2&#8243; make_equal=\u00bbon\u00bb _builder_version=\u00bb4.22.0&#8243; _module_preset=\u00bbdefault\u00bb background_color=\u00bb#ffffff\u00bb custom_margin=\u00bb20px||20px||false|false\u00bb custom_padding=\u00bb40px|40px|40px|40px|true|true\u00bb animation_style=\u00bbslide\u00bb animation_direction=\u00bbbottom\u00bb border_radii=\u00bbon|10px|10px|10px|10px\u00bb box_shadow_style=\u00bbpreset1&#8243; box_shadow_blur=\u00bb42px\u00bb box_shadow_color=\u00bbrgba(110,130,208,0.17)\u00bb locked=\u00bboff\u00bb global_colors_info=\u00bb{}\u00bb][et_pb_column type=\u00bb1_3&#8243; _builder_version=\u00bb4.22.0&#8243; _module_preset=\u00bbdefault\u00bb custom_css_main_element=\u00bbmargin:auto;\u00bb global_colors_info=\u00bb{}\u00bb][et_pb_text _builder_version=\u00bb4.25.2&#8243; _module_preset=\u00bbdefault\u00bb text_font=\u00bbMontserrat|700|||||||\u00bb text_text_color=\u00bb#fe9d24&#8243; text_font_size=\u00bb18px\u00bb text_line_height=\u00bb1.8em\u00bb header_2_font=\u00bb&#8211;et_global_body_font|700|||||||\u00bb header_2_text_color=\u00bb#0b3380&#8243; header_2_font_size=\u00bb36px\u00bb header_2_line_height=\u00bb1.2em\u00bb global_colors_info=\u00bb{}\u00bb]<\/p>\n<h2>Vis\u00edtanos<\/h2>\n<p>[\/et_pb_text][et_pb_code raw_content_tablet=\u00bb<iframe src=%22https:\/\/www.google.com\/maps\/embed?pb=!1m18!1m12!1m3!1d228625.11920522113!2d80.1982971432273!3d26.447105411364422!2m3!1f0!2f0!3f0!3m2!1i1024!2i768!4f13.1!3m3!1m2!1s0x399c4770b127c46f%3A0x1778302a9fbe7b41!2sKanpur%2C%20Uttar%20Pradesh!5e0!3m2!1sen!2sin!4v1601010155412!5m2!1sen!2sin%22 width=%22100%%22 height=%22200%22 frameborder=%220%22 style=%22border:0;%22 allowfullscreen=%22%22 aria-hidden=%22false%22 tabindex=%220%22><\/iframe>\u00bb raw_content_phone=\u00bb<iframe src=%22https:\/\/www.google.com\/maps\/embed?pb=!1m18!1m12!1m3!1d228625.11920522113!2d80.1982971432273!3d26.447105411364422!2m3!1f0!2f0!3f0!3m2!1i1024!2i768!4f13.1!3m3!1m2!1s0x399c4770b127c46f%3A0x1778302a9fbe7b41!2sKanpur%2C%20Uttar%20Pradesh!5e0!3m2!1sen!2sin!4v1601010155412!5m2!1sen!2sin%22 width=%22100%%22 height=%22200%22 frameborder=%220%22 style=%22border:0;%22 allowfullscreen=%22%22 aria-hidden=%22false%22 tabindex=%220%22><\/iframe>\u00bb raw_content_last_edited=\u00bbon|phone\u00bb _builder_version=\u00bb4.22.0&#8243; _module_preset=\u00bbdefault\u00bb border_radii=\u00bbon|7px|7px|7px|7px\u00bb box_shadow_style=\u00bbpreset1&#8243; box_shadow_blur=\u00bb42px\u00bb box_shadow_color=\u00bbrgba(110,130,208,0.17)\u00bb global_colors_info=\u00bb{}\u00bb]<iframe loading=\"lazy\" src=\"https:\/\/www.google.com\/maps\/embed?pb=!1m18!1m12!1m3!1d3720.841879755528!2d-86.85727299999999!3d21.158690000000004!2m3!1f0!2f0!3f0!3m2!1i1024!2i768!4f13.1!3m3!1m2!1s0x8f4c2b80b6082435%3A0x4a19834aff937a8f!2sHospital%20Quir%C3%BArgica%20del%20Sur!5e0!3m2!1ses-419!2smx!4v1692248033863!5m2!1ses-419!2smx\" width=\"600\" height=\"400\" frameborder=\"0\" style=\"border:0;\" allowfullscreen=\"\" aria-hidden=\"false\" tabindex=\"0\"><\/iframe>[\/et_pb_code][et_pb_text _builder_version=\u00bb4.22.0&#8243; _module_preset=\u00bbdefault\u00bb text_font=\u00bbRoboto||||||||\u00bb text_text_color=\u00bb#FFFFFF\u00bb text_font_size=\u00bb12px\u00bb link_font=\u00bb||||on|||#FFFFFF|\u00bb link_text_color=\u00bb#FFFFFF\u00bb link_font_size=\u00bb10px\u00bb background_image=\u00bbhttps:\/\/noelir3.sg-host.com\/wp-content\/uploads\/2023\/08\/recaptcha-v3.webp\u00bb max_width=\u00bb256px\u00bb height=\u00bb60px\u00bb custom_padding=\u00bb10px|||15px|false|false\u00bb box_shadow_style=\u00bbpreset1&#8243; box_shadow_vertical=\u00bb0px\u00bb box_shadow_blur=\u00bb2px\u00bb global_colors_info=\u00bb{}\u00bb]<\/p>\n<p>Protegido por reCAPTCHA<br \/><a href=\"https:\/\/policies.google.com\/privacy\">Pol\u00edtica<\/a> &#8211;\u00a0<a href=\"https:\/\/policies.google.com\/terms\">T\u00e9rminos.<\/a><\/p>\n<p>[\/et_pb_text][\/et_pb_column][et_pb_column type=\u00bb2_3&#8243; _builder_version=\u00bb4.22.0&#8243; _module_preset=\u00bbdefault\u00bb global_colors_info=\u00bb{}\u00bb][et_pb_text _builder_version=\u00bb4.25.2&#8243; _module_preset=\u00bbdefault\u00bb text_font=\u00bbMontserrat|700|||||||\u00bb text_text_color=\u00bb#fe9d24&#8243; text_font_size=\u00bb18px\u00bb text_line_height=\u00bb1.8em\u00bb header_2_font=\u00bb&#8211;et_global_body_font|700|||||||\u00bb header_2_text_color=\u00bb#0B3380&#8243; header_2_font_size=\u00bb36px\u00bb header_2_line_height=\u00bb1.2em\u00bb locked=\u00bboff\u00bb global_colors_info=\u00bb{}\u00bb]<\/p>\n<h2>Para mayor informaci\u00f3n, env\u00edanos un mensaje y le contactaremos a la brevedad.<\/h2>\n<p>[\/et_pb_text][et_pb_contact_form use_spam_service=\u00bbon\u00bb recaptcha_list=\u00bbanthonybc329@gmailcom|anthonybc329@gmailcom-0&#8243; recaptcha_min_score=\u00bb0.7&#8243; email=\u00bbinfo@qds.mx\u00bb custom_message=\u00bbEste mensaje fue enviado del formulario de contactanos.||et_pb_line_break_holder||Nombre: %%nombre%%||et_pb_line_break_holder||Correo: %%correoElectronico%%||et_pb_line_break_holder||Telefono: %%numeroTelefonico%%||et_pb_line_break_holder||Asunto: %%asunto%%||et_pb_line_break_holder||Mensaje: %%mensaje%%\u00bb success_message=\u00bbGracias por contactarnos.\u00bb module_id=\u00bbet_pb_contact_form_0&#8243; _builder_version=\u00bb4.23.1&#8243; _module_preset=\u00bbdefault\u00bb _unique_id=\u00bb340&#8243; form_field_background_color=\u00bb#f5f7fa\u00bb form_field_text_color=\u00bb#0B3380&#8243; form_field_focus_background_color=\u00bb#f5f7fa\u00bb form_field_focus_text_color=\u00bb#0b3380&#8243; form_field_font=\u00bbMontserrat|600|||||||\u00bb form_field_font_size=\u00bb15px\u00bb custom_button=\u00bbon\u00bb button_text_size=\u00bb18px\u00bb button_text_color=\u00bb#ffffff\u00bb button_bg_color=\u00bb#0b3380&#8243; button_border_width=\u00bb0px\u00bb button_border_radius=\u00bb7px\u00bb button_font=\u00bbUbuntu||||||||\u00bb button_use_icon=\u00bboff\u00bb button_custom_padding=\u00bb7px|30px|7px|30px|true|true\u00bb hover_transition_duration=\u00bb1000ms\u00bb hover_transition_speed_curve=\u00bbease-in-out\u00bb border_radii=\u00bbon|7px|7px|7px|7px\u00bb border_color_all=\u00bbrgba(59,73,100,0.42)\u00bb box_shadow_style_button=\u00bbpreset1&#8243; box_shadow_horizontal_button=\u00bb12px\u00bb box_shadow_vertical_button=\u00bb12px\u00bb box_shadow_blur_button=\u00bb0px\u00bb box_shadow_color_button=\u00bb#2ea6f6&#8243; global_colors_info=\u00bb{}\u00bb box_shadow_vertical_button__hover_enabled=\u00bbon|hover\u00bb box_shadow_vertical_button__hover=\u00bb6px\u00bb box_shadow_horizontal_button__hover_enabled=\u00bbon|desktop\u00bb box_shadow_horizontal_button__hover=\u00bb6px\u00bb][et_pb_contact_field field_id=\u00bbnombreCompleto\u00bb field_title=\u00bbNombre completo*\u00bb _builder_version=\u00bb4.22.0&#8243; global_colors_info=\u00bb{}\u00bb button_text_size__hover_enabled=\u00bboff\u00bb button_one_text_size__hover_enabled=\u00bboff\u00bb button_two_text_size__hover_enabled=\u00bboff\u00bb button_text_color__hover_enabled=\u00bboff\u00bb button_one_text_color__hover_enabled=\u00bboff\u00bb button_two_text_color__hover_enabled=\u00bboff\u00bb button_border_width__hover_enabled=\u00bboff\u00bb button_one_border_width__hover_enabled=\u00bboff\u00bb button_two_border_width__hover_enabled=\u00bboff\u00bb button_border_color__hover_enabled=\u00bboff\u00bb button_one_border_color__hover_enabled=\u00bboff\u00bb button_two_border_color__hover_enabled=\u00bboff\u00bb button_border_radius__hover_enabled=\u00bboff\u00bb button_one_border_radius__hover_enabled=\u00bboff\u00bb button_two_border_radius__hover_enabled=\u00bboff\u00bb button_letter_spacing__hover_enabled=\u00bboff\u00bb button_one_letter_spacing__hover_enabled=\u00bboff\u00bb button_two_letter_spacing__hover_enabled=\u00bboff\u00bb button_bg_color__hover_enabled=\u00bboff\u00bb button_one_bg_color__hover_enabled=\u00bboff\u00bb button_two_bg_color__hover_enabled=\u00bboff\u00bb][\/et_pb_contact_field][et_pb_contact_field field_id=\u00bbcorreoElectronico\u00bb field_title=\u00bbCorreo electronico*\u00bb field_type=\u00bbemail\u00bb _builder_version=\u00bb4.22.0&#8243; global_colors_info=\u00bb{}\u00bb button_text_size__hover_enabled=\u00bboff\u00bb button_one_text_size__hover_enabled=\u00bboff\u00bb button_two_text_size__hover_enabled=\u00bboff\u00bb button_text_color__hover_enabled=\u00bboff\u00bb button_one_text_color__hover_enabled=\u00bboff\u00bb button_two_text_color__hover_enabled=\u00bboff\u00bb button_border_width__hover_enabled=\u00bboff\u00bb button_one_border_width__hover_enabled=\u00bboff\u00bb button_two_border_width__hover_enabled=\u00bboff\u00bb button_border_color__hover_enabled=\u00bboff\u00bb button_one_border_color__hover_enabled=\u00bboff\u00bb button_two_border_color__hover_enabled=\u00bboff\u00bb button_border_radius__hover_enabled=\u00bboff\u00bb button_one_border_radius__hover_enabled=\u00bboff\u00bb button_two_border_radius__hover_enabled=\u00bboff\u00bb button_letter_spacing__hover_enabled=\u00bboff\u00bb button_one_letter_spacing__hover_enabled=\u00bboff\u00bb button_two_letter_spacing__hover_enabled=\u00bboff\u00bb button_bg_color__hover_enabled=\u00bboff\u00bb button_one_bg_color__hover_enabled=\u00bboff\u00bb button_two_bg_color__hover_enabled=\u00bboff\u00bb][\/et_pb_contact_field][et_pb_contact_field field_id=\u00bbnumeroTelefonico\u00bb field_title=\u00bbNumero telefonico*\u00bb min_length=\u00bb9&#8243; max_length=\u00bb10&#8243; allowed_symbols=\u00bbnumbers\u00bb _builder_version=\u00bb4.23.1&#8243; global_colors_info=\u00bb{}\u00bb button_text_size__hover_enabled=\u00bboff\u00bb button_one_text_size__hover_enabled=\u00bboff\u00bb button_two_text_size__hover_enabled=\u00bboff\u00bb button_text_color__hover_enabled=\u00bboff\u00bb button_one_text_color__hover_enabled=\u00bboff\u00bb button_two_text_color__hover_enabled=\u00bboff\u00bb button_border_width__hover_enabled=\u00bboff\u00bb button_one_border_width__hover_enabled=\u00bboff\u00bb button_two_border_width__hover_enabled=\u00bboff\u00bb button_border_color__hover_enabled=\u00bboff\u00bb button_one_border_color__hover_enabled=\u00bboff\u00bb button_two_border_color__hover_enabled=\u00bboff\u00bb button_border_radius__hover_enabled=\u00bboff\u00bb button_one_border_radius__hover_enabled=\u00bboff\u00bb button_two_border_radius__hover_enabled=\u00bboff\u00bb button_letter_spacing__hover_enabled=\u00bboff\u00bb button_one_letter_spacing__hover_enabled=\u00bboff\u00bb button_two_letter_spacing__hover_enabled=\u00bboff\u00bb button_bg_color__hover_enabled=\u00bboff\u00bb button_one_bg_color__hover_enabled=\u00bboff\u00bb button_two_bg_color__hover_enabled=\u00bboff\u00bb][\/et_pb_contact_field][et_pb_contact_field field_id=\u00bbasunto\u00bb field_title=\u00bbAsunto*\u00bb max_length=\u00bb25&#8243; _builder_version=\u00bb4.22.0&#8243; global_colors_info=\u00bb{}\u00bb button_text_size__hover_enabled=\u00bboff\u00bb button_one_text_size__hover_enabled=\u00bboff\u00bb button_two_text_size__hover_enabled=\u00bboff\u00bb button_text_color__hover_enabled=\u00bboff\u00bb button_one_text_color__hover_enabled=\u00bboff\u00bb button_two_text_color__hover_enabled=\u00bboff\u00bb button_border_width__hover_enabled=\u00bboff\u00bb button_one_border_width__hover_enabled=\u00bboff\u00bb button_two_border_width__hover_enabled=\u00bboff\u00bb button_border_color__hover_enabled=\u00bboff\u00bb button_one_border_color__hover_enabled=\u00bboff\u00bb button_two_border_color__hover_enabled=\u00bboff\u00bb button_border_radius__hover_enabled=\u00bboff\u00bb button_one_border_radius__hover_enabled=\u00bboff\u00bb button_two_border_radius__hover_enabled=\u00bboff\u00bb button_letter_spacing__hover_enabled=\u00bboff\u00bb button_one_letter_spacing__hover_enabled=\u00bboff\u00bb button_two_letter_spacing__hover_enabled=\u00bboff\u00bb button_bg_color__hover_enabled=\u00bboff\u00bb button_one_bg_color__hover_enabled=\u00bboff\u00bb button_two_bg_color__hover_enabled=\u00bboff\u00bb][\/et_pb_contact_field][et_pb_contact_field field_id=\u00bbmensaje\u00bb field_title=\u00bbMensaje*\u00bb field_type=\u00bbtext\u00bb fullwidth_field=\u00bbon\u00bb _builder_version=\u00bb4.22.0&#8243; _module_preset=\u00bbdefault\u00bb global_colors_info=\u00bb{}\u00bb][\/et_pb_contact_field][et_pb_contact_field field_id=\u00bbrgpd\u00bb field_title=\u00bb \u00bb field_type=\u00bbcheckbox\u00bb checkbox_options=\u00bb%91{%22value%22:%22 He le\u00eddo y acepto el %22,%22checked%22:0,%22dragID%22:-1,%22link_url%22:%22\/aviso-de-privacidad\/%22,%22link_text%22:%22aviso de privacidad.%22}%93&#8243; fullwidth_field=\u00bbon\u00bb _builder_version=\u00bb4.22.0&#8243; _module_preset=\u00bbdefault\u00bb global_colors_info=\u00bb{}\u00bb][\/et_pb_contact_field][\/et_pb_contact_form][\/et_pb_column][\/et_pb_row][et_pb_row use_custom_gutter=\u00bbon\u00bb gutter_width=\u00bb2&#8243; make_equal=\u00bbon\u00bb _builder_version=\u00bb4.16&#8243; _module_preset=\u00bbdefault\u00bb animation_direction=\u00bbbottom\u00bb locked=\u00bboff\u00bb global_colors_info=\u00bb{}\u00bb][et_pb_column type=\u00bb4_4&#8243; _builder_version=\u00bb4.16&#8243; _module_preset=\u00bbdefault\u00bb global_colors_info=\u00bb{}\u00bb][et_pb_gallery gallery_ids=\u00bb2772,2754,2751,2367,3304&#8243; gallery_orderby=\u00bbrand\u00bb show_title_and_caption=\u00bboff\u00bb zoom_icon_color=\u00bb#ffffff\u00bb hover_overlay_color=\u00bbrgba(11,51,128,0.8)\u00bb hover_icon=\u00bb&#x2e;||divi||400&#8243; _builder_version=\u00bb4.22.0&#8243; _module_preset=\u00bbdefault\u00bb pagination_font=\u00bbUbuntu||||||||\u00bb border_radii_image=\u00bbon|7px|7px|7px|7px\u00bb box_shadow_style_image=\u00bbpreset1&#8243; box_shadow_blur_image=\u00bb42px\u00bb box_shadow_color_image=\u00bbrgba(110,130,208,0.17)\u00bb global_colors_info=\u00bb{}\u00bb][\/et_pb_gallery][\/et_pb_column][\/et_pb_row][\/et_pb_section]<\/p>\n","protected":false},"excerpt":{"rendered":"<p><div class=\"et_pb_module lwp_divi_breadcrumbs lwp_divi_breadcrumbs_0\">\n\t\t\t\t\n\t\t\t\t\n\t\t\t\t\n\t\t\t\t\n\t\t\t\t\n\t\t\t\t\n\t\t\t\t<div class=\"et_pb_module_inner\">\n\t\t\t\t\t<div class=\"lwp-breadcrumbs\"> <span class=\"before\"><\/span> <span vocab=\"https:\/\/schema.org\/\" typeof=\"BreadcrumbList\"><span property=\"itemListElement\" typeof=\"ListItem\"><a property=\"item\" typeof=\"WebPage\" href=\"https:\/\/quirurgicadelsur.com\/en\/\" class=\"home\"><span property=\"name\">Home<\/span><\/a><meta property=\"position\" content=\"1\"><\/span> <span class=\"separator et-pb-icon\">5<\/span> <\/span><\/div>\n\t\t\t\t<\/div>\n\t\t\t<\/div>Vis\u00edtanosProtegido por reCAPTCHAPol\u00edtica &#8211;\u00a0T\u00e9rminos.Para mayor informaci\u00f3n, env\u00edanos un mensaje y le contactaremos a la brevedad.<\/p>","protected":false},"author":2,"featured_media":0,"parent":0,"menu_order":0,"comment_status":"closed","ping_status":"closed","template":"","meta":{"_et_pb_use_builder":"on","_et_pb_old_content":"<!-- wp:divi\/placeholder \/-->","_et_gb_content_width":"","inline_featured_image":false,"footnotes":""},"class_list":["post-250","page","type-page","status-publish","hentry"],"yoast_head":"<!-- This site is optimized with the Yoast SEO plugin v27.4 - https:\/\/yoast.com\/product\/yoast-seo-wordpress\/ -->\n<title>Cont\u00e1ctanos - Quir\u00fargica del Sur<\/title>\n<meta name=\"description\" content=\"\u00a1Estamos aqu\u00ed para ayudarte! Cont\u00e1ctanos para consultas, citas y asistencia m\u00e9dica en Quir\u00fargica del Sur. Tu bienestar es nuestra prioridad.\" \/>\n<meta name=\"robots\" content=\"index, follow, max-snippet:-1, max-image-preview:large, max-video-preview:-1\" \/>\n<link rel=\"canonical\" href=\"https:\/\/quirurgicadelsur.com\/en\/contactanos\/\" \/>\n<meta property=\"og:locale\" content=\"en_US\" \/>\n<meta property=\"og:type\" content=\"article\" \/>\n<meta property=\"og:title\" content=\"Cont\u00e1ctanos - Quir\u00fargica del Sur\" \/>\n<meta property=\"og:description\" content=\"\u00a1Estamos aqu\u00ed para ayudarte! Cont\u00e1ctanos para consultas, citas y asistencia m\u00e9dica en Quir\u00fargica del Sur. Tu bienestar es nuestra prioridad.\" \/>\n<meta property=\"og:url\" content=\"https:\/\/quirurgicadelsur.com\/en\/contactanos\/\" \/>\n<meta property=\"og:site_name\" content=\"Quir\u00fargica del Sur\" \/>\n<meta property=\"article:publisher\" content=\"https:\/\/www.facebook.com\/quirurgicadelsur\/\" \/>\n<meta property=\"article:modified_time\" content=\"2024-09-17T07:55:08+00:00\" \/>\n<meta property=\"og:image\" content=\"https:\/\/quirurgicadelsur.com\/wp-content\/uploads\/2023\/06\/1500x500.jpg\" \/>\n\t<meta property=\"og:image:width\" content=\"1500\" \/>\n\t<meta property=\"og:image:height\" content=\"500\" \/>\n\t<meta property=\"og:image:type\" content=\"image\/jpeg\" \/>\n<meta name=\"twitter:card\" content=\"summary_large_image\" \/>\n<meta name=\"twitter:site\" content=\"@qscancun\" \/>\n<meta name=\"twitter:label1\" content=\"Est. reading time\" \/>\n\t<meta name=\"twitter:data1\" content=\"2 minutes\" \/>\n<script type=\"application\/ld+json\" class=\"yoast-schema-graph\">{\"@context\":\"https:\\\/\\\/schema.org\",\"@graph\":[{\"@type\":\"WebPage\",\"@id\":\"https:\\\/\\\/quirurgicadelsur.com\\\/contactanos\\\/\",\"url\":\"https:\\\/\\\/quirurgicadelsur.com\\\/contactanos\\\/\",\"name\":\"Cont\u00e1ctanos - Quir\u00fargica del Sur\",\"isPartOf\":{\"@id\":\"https:\\\/\\\/quirurgicadelsur.com\\\/#website\"},\"datePublished\":\"2020-09-20T14:17:02+00:00\",\"dateModified\":\"2024-09-17T07:55:08+00:00\",\"description\":\"\u00a1Estamos aqu\u00ed para ayudarte! Cont\u00e1ctanos para consultas, citas y asistencia m\u00e9dica en Quir\u00fargica del Sur. Tu bienestar es nuestra prioridad.\",\"breadcrumb\":{\"@id\":\"https:\\\/\\\/quirurgicadelsur.com\\\/contactanos\\\/#breadcrumb\"},\"inLanguage\":\"en-US\",\"potentialAction\":[{\"@type\":\"ReadAction\",\"target\":[\"https:\\\/\\\/quirurgicadelsur.com\\\/contactanos\\\/\"]}]},{\"@type\":\"BreadcrumbList\",\"@id\":\"https:\\\/\\\/quirurgicadelsur.com\\\/contactanos\\\/#breadcrumb\",\"itemListElement\":[{\"@type\":\"ListItem\",\"position\":1,\"name\":\"Home\",\"item\":\"https:\\\/\\\/quirurgicadelsur.com\\\/\"},{\"@type\":\"ListItem\",\"position\":2,\"name\":\"Cont\u00e1ctanos\"}]},{\"@type\":\"WebSite\",\"@id\":\"https:\\\/\\\/quirurgicadelsur.com\\\/#website\",\"url\":\"https:\\\/\\\/quirurgicadelsur.com\\\/\",\"name\":\"Quir\u00fargica del Sur\",\"description\":\"Hospital en Canc\u00fan con m\u00e1s de 25 especialistas y todo un equipo de profesionales de la medicina, ofrece desde hace m\u00e1s de 15 a\u00f1os cuidar de su salud.\",\"publisher\":{\"@id\":\"https:\\\/\\\/quirurgicadelsur.com\\\/#organization\"},\"alternateName\":\"Quirurgica del Sur\",\"potentialAction\":[{\"@type\":\"SearchAction\",\"target\":{\"@type\":\"EntryPoint\",\"urlTemplate\":\"https:\\\/\\\/quirurgicadelsur.com\\\/?s={search_term_string}\"},\"query-input\":{\"@type\":\"PropertyValueSpecification\",\"valueRequired\":true,\"valueName\":\"search_term_string\"}}],\"inLanguage\":\"en-US\"},{\"@type\":\"Organization\",\"@id\":\"https:\\\/\\\/quirurgicadelsur.com\\\/#organization\",\"name\":\"Quir\u00fargica del Sur\",\"alternateName\":\"Quir\u00fargica del Sur\",\"url\":\"https:\\\/\\\/quirurgicadelsur.com\\\/\",\"logo\":{\"@type\":\"ImageObject\",\"inLanguage\":\"en-US\",\"@id\":\"https:\\\/\\\/quirurgicadelsur.com\\\/#\\\/schema\\\/logo\\\/image\\\/\",\"url\":\"http:\\\/\\\/noelir3.sg-host.com\\\/wp-content\\\/uploads\\\/2023\\\/06\\\/logotipo.png\",\"contentUrl\":\"http:\\\/\\\/noelir3.sg-host.com\\\/wp-content\\\/uploads\\\/2023\\\/06\\\/logotipo.png\",\"width\":289,\"height\":60,\"caption\":\"Quir\u00fargica del Sur\"},\"image\":{\"@id\":\"https:\\\/\\\/quirurgicadelsur.com\\\/#\\\/schema\\\/logo\\\/image\\\/\"},\"sameAs\":[\"https:\\\/\\\/www.facebook.com\\\/quirurgicadelsur\\\/\",\"https:\\\/\\\/x.com\\\/qscancun\"]}]}<\/script>\n<!-- \/ Yoast SEO plugin. -->","yoast_head_json":{"title":"Cont\u00e1ctanos - Quir\u00fargica del Sur","description":"\u00a1Estamos aqu\u00ed para ayudarte! Cont\u00e1ctanos para consultas, citas y asistencia m\u00e9dica en Quir\u00fargica del Sur. Tu bienestar es nuestra prioridad.","robots":{"index":"index","follow":"follow","max-snippet":"max-snippet:-1","max-image-preview":"max-image-preview:large","max-video-preview":"max-video-preview:-1"},"canonical":"https:\/\/quirurgicadelsur.com\/en\/contactanos\/","og_locale":"en_US","og_type":"article","og_title":"Cont\u00e1ctanos - Quir\u00fargica del Sur","og_description":"\u00a1Estamos aqu\u00ed para ayudarte! Cont\u00e1ctanos para consultas, citas y asistencia m\u00e9dica en Quir\u00fargica del Sur. Tu bienestar es nuestra prioridad.","og_url":"https:\/\/quirurgicadelsur.com\/en\/contactanos\/","og_site_name":"Quir\u00fargica del Sur","article_publisher":"https:\/\/www.facebook.com\/quirurgicadelsur\/","article_modified_time":"2024-09-17T07:55:08+00:00","og_image":[{"width":1500,"height":500,"url":"https:\/\/quirurgicadelsur.com\/wp-content\/uploads\/2023\/06\/1500x500.jpg","type":"image\/jpeg"}],"twitter_card":"summary_large_image","twitter_site":"@qscancun","twitter_misc":{"Est. reading time":"2 minutes"},"schema":{"@context":"https:\/\/schema.org","@graph":[{"@type":"WebPage","@id":"https:\/\/quirurgicadelsur.com\/contactanos\/","url":"https:\/\/quirurgicadelsur.com\/contactanos\/","name":"Cont\u00e1ctanos - Quir\u00fargica del Sur","isPartOf":{"@id":"https:\/\/quirurgicadelsur.com\/#website"},"datePublished":"2020-09-20T14:17:02+00:00","dateModified":"2024-09-17T07:55:08+00:00","description":"\u00a1Estamos aqu\u00ed para ayudarte! Cont\u00e1ctanos para consultas, citas y asistencia m\u00e9dica en Quir\u00fargica del Sur. Tu bienestar es nuestra prioridad.","breadcrumb":{"@id":"https:\/\/quirurgicadelsur.com\/contactanos\/#breadcrumb"},"inLanguage":"en-US","potentialAction":[{"@type":"ReadAction","target":["https:\/\/quirurgicadelsur.com\/contactanos\/"]}]},{"@type":"BreadcrumbList","@id":"https:\/\/quirurgicadelsur.com\/contactanos\/#breadcrumb","itemListElement":[{"@type":"ListItem","position":1,"name":"Home","item":"https:\/\/quirurgicadelsur.com\/"},{"@type":"ListItem","position":2,"name":"Cont\u00e1ctanos"}]},{"@type":"WebSite","@id":"https:\/\/quirurgicadelsur.com\/#website","url":"https:\/\/quirurgicadelsur.com\/","name":"Quir\u00fargica del Sur","description":"Hospital en Canc\u00fan con m\u00e1s de 25 especialistas y todo un equipo de profesionales de la medicina, ofrece desde hace m\u00e1s de 15 a\u00f1os cuidar de su salud.","publisher":{"@id":"https:\/\/quirurgicadelsur.com\/#organization"},"alternateName":"Quirurgica del Sur","potentialAction":[{"@type":"SearchAction","target":{"@type":"EntryPoint","urlTemplate":"https:\/\/quirurgicadelsur.com\/?s={search_term_string}"},"query-input":{"@type":"PropertyValueSpecification","valueRequired":true,"valueName":"search_term_string"}}],"inLanguage":"en-US"},{"@type":"Organization","@id":"https:\/\/quirurgicadelsur.com\/#organization","name":"Quir\u00fargica del Sur","alternateName":"Quir\u00fargica del Sur","url":"https:\/\/quirurgicadelsur.com\/","logo":{"@type":"ImageObject","inLanguage":"en-US","@id":"https:\/\/quirurgicadelsur.com\/#\/schema\/logo\/image\/","url":"http:\/\/noelir3.sg-host.com\/wp-content\/uploads\/2023\/06\/logotipo.png","contentUrl":"http:\/\/noelir3.sg-host.com\/wp-content\/uploads\/2023\/06\/logotipo.png","width":289,"height":60,"caption":"Quir\u00fargica del Sur"},"image":{"@id":"https:\/\/quirurgicadelsur.com\/#\/schema\/logo\/image\/"},"sameAs":["https:\/\/www.facebook.com\/quirurgicadelsur\/","https:\/\/x.com\/qscancun"]}]}},"_links":{"self":[{"href":"https:\/\/quirurgicadelsur.com\/en\/wp-json\/wp\/v2\/pages\/250","targetHints":{"allow":["GET"]}}],"collection":[{"href":"https:\/\/quirurgicadelsur.com\/en\/wp-json\/wp\/v2\/pages"}],"about":[{"href":"https:\/\/quirurgicadelsur.com\/en\/wp-json\/wp\/v2\/types\/page"}],"author":[{"embeddable":true,"href":"https:\/\/quirurgicadelsur.com\/en\/wp-json\/wp\/v2\/users\/2"}],"replies":[{"embeddable":true,"href":"https:\/\/quirurgicadelsur.com\/en\/wp-json\/wp\/v2\/comments?post=250"}],"version-history":[{"count":7,"href":"https:\/\/quirurgicadelsur.com\/en\/wp-json\/wp\/v2\/pages\/250\/revisions"}],"predecessor-version":[{"id":6408,"href":"https:\/\/quirurgicadelsur.com\/en\/wp-json\/wp\/v2\/pages\/250\/revisions\/6408"}],"wp:attachment":[{"href":"https:\/\/quirurgicadelsur.com\/en\/wp-json\/wp\/v2\/media?parent=250"}],"curies":[{"name":"wp","href":"https:\/\/api.w.org\/{rel}","templated":true}]}}